{"id":8,"date":"2019-02-25T13:21:58","date_gmt":"2019-02-25T12:21:58","guid":{"rendered":"http:\/\/www.carroceriasbene.com\/es\/?page_id=8"},"modified":"2021-05-12T12:43:14","modified_gmt":"2021-05-12T10:43:14","slug":"inicio","status":"publish","type":"page","link":"https:\/\/www.carroceriasbene.es\/es\/","title":{"rendered":"Inicio"},"content":{"rendered":"[vc_row row_type=\u00bb1&#8243;][vc_column][vc_separator color=\u00bbwhite\u00bb border_width=\u00bb10&#8243;][rev_slider_vc alias=\u00bbhomeslide\u00bb][vc_empty_space height=\u00bb70px\u00bb][\/vc_column][\/vc_row][vc_row][vc_column][vc_row_inner][vc_column_inner][vc_column_text css_animation=\u00bbtop-to-bottom\u00bb]\n<h3>Carrocer\u00edas Bene, m\u00e1s de 50 a\u00f1os a su servicio.<\/h3>\n<h4 style=\"text-align: left;\">Taller de chapa y pintura multimarca, te asesoramos con\u00a0 los tr\u00e1mites de tu seguro.<\/h4>\n<h4 style=\"text-align: left;\">Venga a visitarnos en C\/ Vitoria 271 Pentasa 2 Nave 12 &#8211; 09007 Burgos Tel. 947 48 49 57<\/h4>\n[\/vc_column_text][vc_empty_space height=\u00bb50px\u00bb][\/vc_column_inner][\/vc_row_inner][vc_row_inner][vc_column_inner width=\u00bb1\/6&#8243;]<hr class=\"vertical-space1\"><article class=\"icon-box7\" ><img src=\"https:\/\/www.carroceriasbene.es\/es\/wp-content\/uploads\/2020\/03\/Sin-ti\u0301tulo-2.png\" \/><h4>Carrocer\u00eda y pintura<\/h4><p>Reparaciones de chapa y pintura.<\/p><\/article>[vc_separator]<article class=\"icon-box7\" ><img src=\"https:\/\/www.carroceriasbene.es\/es\/wp-content\/uploads\/2020\/03\/icon5-home.png\" \/><h4>Cambio de lunas<\/h4><p>Gestionamos todo con su seguro.<\/p><\/article>[vc_separator][\/vc_column_inner][vc_column_inner width=\u00bb1\/6&#8243;]<hr class=\"vertical-space1\"><article class=\"icon-box7\" ><img src=\"https:\/\/www.carroceriasbene.es\/es\/wp-content\/uploads\/2020\/03\/icon2-home.png\" \/><h4>Pinturas al Agua<\/h4><p>Las mejores marcas de pintura.<\/p><\/article>[vc_separator]<article class=\"icon-box7\" ><img src=\"https:\/\/www.carroceriasbene.es\/es\/wp-content\/uploads\/2020\/03\/icon4-home.png\" \/><h4>Coche de sustituci\u00f3n<\/h4><p>Coche de cortes\u00eda gratuito.<\/p><\/article>[vc_separator][\/vc_column_inner][vc_column_inner width=\u00bb1\/6&#8243;]<hr class=\"vertical-space1\"><article class=\"icon-box7\" ><img src=\"https:\/\/www.carroceriasbene.es\/es\/wp-content\/uploads\/2020\/03\/icon3-home.png\" \/><h4>Pintado de llantas<\/h4><p>Acabados de calidad y duraderos.<\/p><\/article>[vc_separator]<article class=\"icon-box7\" ><img src=\"https:\/\/www.carroceriasbene.es\/es\/wp-content\/uploads\/2020\/03\/icon6-home.png\" \/><h4>Lavado de veh\u00edculos<\/h4><p>Su coche limpio y desinfectado.<\/p><\/article>[vc_separator][\/vc_column_inner][vc_column_inner width=\u00bb1\/2&#8243;][vc_column_text css_animation=\u00bbtop-to-bottom\u00bb]\n<h2>Carrocer\u00edas Bene.<\/h2>\n<p>Somos un taller multimarca con m\u00e1s de 50 a\u00f1os de experiencia en el sector.<\/p>\n<p>Ofrecemos un trato personalizado con asesoramiento especifico seg\u00fan tus necesidades.<\/p>\n<p>Trabajamos con todas las compa\u00f1\u00edas de seguros y adem\u00e1s, si lo necesitas, te dejamos veh\u00edculos de sustituci\u00f3n durante la reparaci\u00f3n del tuyo.<\/p>\n<p>\u00bfA qu\u00e9 esperas? \u00a1Ven a conocernos![\/vc_column_text][vc_single_image image=\u00bb258&#8243; img_size=\u00bbfull\u00bb css_animation=\u00bbtop-to-bottom\u00bb][\/vc_column_inner][\/vc_row_inner][\/vc_column][\/vc_row][vc_row row_type=\u00bb1&#8243;][vc_column][vc_text_separator title=\u00bb\u00bfD\u00f3nde estamos?\u00bb color=\u00bbcustom\u00bb border_width=\u00bb5&#8243; accent_color=\u00bb#ea7d00&#8243;][vc_gmaps link=\u00bb#E-8_JTNDaWZyYW1lJTIwc3JjJTNEJTIyaHR0cHMlM0ElMkYlMkZ3d3cuZ29vZ2xlLmNvbSUyRm1hcHMlMkZlbWJlZCUzRnBiJTNEJTIxMW0xOCUyMTFtMTIlMjExbTMlMjExZDE0NzQuMjAyMzUwMDk4NTc1MiUyMTJkLTMuNjY0NTA2MDA2NDk5NzAyJTIxM2Q0Mi4zNTUyMTM3NjczNzA0NjUlMjEybTMlMjExZjAlMjEyZjAlMjEzZjAlMjEzbTIlMjExaTEwMjQlMjEyaTc2OCUyMTRmMTMuMSUyMTNtMyUyMTFtMiUyMTFzMHhkNDVmYjY2ZTgxYTRkZDUlMjUzQTB4MWZkMWEwMmM2ODVkYjExNSUyMTJzQ2Fycm9jZXIlMjVDMyUyNUFEYXMlMkJCZW5lJTIxNWUwJTIxM20yJTIxMXNlcyUyMTJzZXMlMjE0djE1NTExODA5OTYyNzclMjIlMjB3aWR0aCUzRCUyMjYwMCUyMiUyMGhlaWdodCUzRCUyMjQ1MCUyMiUyMGZyYW1lYm9yZGVyJTNEJTIyMCUyMiUyMHN0eWxlJTNEJTIyYm9yZGVyJTNBMCUyMiUyMGFsbG93ZnVsbHNjcmVlbiUzRSUzQyUyRmlmcmFtZSUzRQ==\u00bb][vc_empty_space][\/vc_column][\/vc_row][vc_row row_type=\u00bb3&#8243; blox_height=\u00bb200&#8243; blox_image=\u00bb159&#8243;][vc_column][\/vc_column][\/vc_row]\n","protected":false},"excerpt":{"rendered":"<p>[vc_row row_type=\u00bb1&#8243;][vc_column][vc_separator color=\u00bbwhite\u00bb border_width=\u00bb10&#8243;][rev_slider_vc alias=\u00bbhomeslide\u00bb][vc_empty_space height=\u00bb70px\u00bb][\/vc_column][\/vc_row][vc_row][vc_column][vc_row_inner][vc_column_inner][vc_column_text css_animation=\u00bbtop-to-bottom\u00bb] Carrocer\u00edas Bene, m\u00e1s de 50 a\u00f1os a su servicio. Taller de chapa y pintura multimarca, te asesoramos con\u00a0 los tr\u00e1mites de tu seguro. Venga a visitarnos en C\/ Vitoria 271 Pentasa 2 Nave 12 &#8211; 09007 Burgos Tel. 947 48 49 57 [\/vc_column_text][vc_empty_space height=\u00bb50px\u00bb][\/vc_column_inner][\/vc_row_inner][vc_row_inner][vc_column_inner width=\u00bb1\/6&#8243;][vc_separator][vc_separator][\/vc_column_inner][vc_column_inner width=\u00bb1\/6&#8243;][vc_separator][vc_separator][\/vc_column_inner][vc_column_inner width=\u00bb1\/6&#8243;][vc_separator][vc_separator][\/vc_column_inner][vc_column_inner width=\u00bb1\/2&#8243;][vc_column_text css_animation=\u00bbtop-to-bottom\u00bb] Carrocer\u00edas Bene. Somos un taller multimarca con m\u00e1s de&#8230; <\/p>\n<p><a class=\"readmore\" href=\"https:\/\/www.carroceriasbene.es\/es\/\">Read More<\/a><\/p>\n","protected":false},"author":1,"featured_media":0,"parent":0,"menu_order":0,"comment_status":"closed","ping_status":"closed","template":"","meta":[],"_links":{"self":[{"href":"https:\/\/www.carroceriasbene.es\/es\/wp-json\/wp\/v2\/pages\/8"}],"collection":[{"href":"https:\/\/www.carroceriasbene.es\/es\/wp-json\/wp\/v2\/pages"}],"about":[{"href":"https:\/\/www.carroceriasbene.es\/es\/wp-json\/wp\/v2\/types\/page"}],"author":[{"embeddable":true,"href":"https:\/\/www.carroceriasbene.es\/es\/wp-json\/wp\/v2\/users\/1"}],"replies":[{"embeddable":true,"href":"https:\/\/www.carroceriasbene.es\/es\/wp-json\/wp\/v2\/comments?post=8"}],"version-history":[{"count":51,"href":"https:\/\/www.carroceriasbene.es\/es\/wp-json\/wp\/v2\/pages\/8\/revisions"}],"predecessor-version":[{"id":997,"href":"https:\/\/www.carroceriasbene.es\/es\/wp-json\/wp\/v2\/pages\/8\/revisions\/997"}],"wp:attachment":[{"href":"https:\/\/www.carroceriasbene.es\/es\/wp-json\/wp\/v2\/media?parent=8"}],"curies":[{"name":"wp","href":"https:\/\/api.w.org\/{rel}","templated":true}]}}