{"id":16,"date":"2019-02-25T13:23:56","date_gmt":"2019-02-25T12:23:56","guid":{"rendered":"http:\/\/www.carroceriasbene.com\/es\/?page_id=16"},"modified":"2020-05-28T10:34:59","modified_gmt":"2020-05-28T08:34:59","slug":"contacto","status":"publish","type":"page","link":"https:\/\/www.carroceriasbene.es\/es\/contacto\/","title":{"rendered":"Contacto"},"content":{"rendered":"[vc_row][vc_column width=\u00bb1\/2&#8243;][vc_column_text css_animation=\u00bbtop-to-bottom\u00bb]<strong>Carrocer\u00edas Bene S.L.U<\/strong><br \/>\nTel\u00e9fono: +34 947484957<br \/>\nDirecci\u00f3n: Calle Vitoria 271, PENTASA 2 &#8211; Nave 12<br \/>\nC\u00f3digo postal: 09007 Burgos<br \/>\nEmail: administracion @ carroceriasbene.es[\/vc_column_text][vc_gmaps link=\u00bb#E-8_JTNDaWZyYW1lJTIwc3JjJTNEJTIyaHR0cHMlM0ElMkYlMkZ3d3cuZ29vZ2xlLmNvbSUyRm1hcHMlMkZlbWJlZCUzRnBiJTNEJTIxMW0xOCUyMTFtMTIlMjExbTMlMjExZDI5NDguMjc2NzQ0NjEwMTgxJTIxMmQtMy42NTg0ODE3ODQ1NDM3NjUlMjEzZDQyLjM1Nzk0MTA3OTE4NzA1JTIxMm0zJTIxMWYwJTIxMmYwJTIxM2YwJTIxM20yJTIxMWkxMDI0JTIxMmk3NjglMjE0ZjEzLjElMjEzbTMlMjExbTIlMjExczB4ZDQ1ZmI2NmU4MWE0ZGQ1JTI1M0EweDFmZDFhMDJjNjg1ZGIxMTUlMjEyc0NhcnJvY2VyJTI1QzMlMjVBRGFzJTJCQmVuZSUyMTVlMCUyMTNtMiUyMTFzZXMlMjEyc2VzJTIxNHYxNTU2OTgyMjEwMTk3JTIxNW0yJTIxMXNlcyUyMTJzZXMlMjIlMjB3aWR0aCUzRCUyMjUwMCUyMiUyMGhlaWdodCUzRCUyMjQ1MCUyMiUyMGZyYW1lYm9yZGVyJTNEJTIyMCUyMiUyMHN0eWxlJTNEJTIyYm9yZGVyJTNBMCUyMiUyMGFsbG93ZnVsbHNjcmVlbiUzRSUzQyUyRmlmcmFtZSUzRQ==\u00bb]<hr class=\"vertical-space3\">[\/vc_column][vc_column width=\u00bb1\/2&#8243;]\n<div class=\"wpcf7 no-js\" id=\"wpcf7-f5-o1\" lang=\"es-ES\" dir=\"ltr\">\n<div class=\"screen-reader-response\"><p role=\"status\" aria-live=\"polite\" aria-atomic=\"true\"><\/p> <ul><\/ul><\/div>\n<form action=\"\/es\/wp-json\/wp\/v2\/pages\/16#wpcf7-f5-o1\" method=\"post\" class=\"wpcf7-form init\" aria-label=\"Formulario de contacto\" novalidate=\"novalidate\" data-status=\"init\">\n<div style=\"display: none;\">\n<input type=\"hidden\" name=\"_wpcf7\" value=\"5\" \/>\n<input type=\"hidden\" name=\"_wpcf7_version\" value=\"5.7.7\" \/>\n<input type=\"hidden\" name=\"_wpcf7_locale\" value=\"es_ES\" \/>\n<input type=\"hidden\" name=\"_wpcf7_unit_tag\" value=\"wpcf7-f5-o1\" \/>\n<input type=\"hidden\" name=\"_wpcf7_container_post\" value=\"0\" \/>\n<input type=\"hidden\" name=\"_wpcf7_posted_data_hash\" value=\"\" \/>\n<input type=\"hidden\" name=\"_wpcf7_recaptcha_response\" value=\"\" \/>\n<\/div>\n<p><label> Tu nombre (requerido)<br \/>\n<span class=\"wpcf7-form-control-wrap\" data-name=\"your-name\"><input size=\"40\" class=\"wpcf7-form-control wpcf7-text wpcf7-validates-as-required\" aria-required=\"true\" aria-invalid=\"false\" value=\"\" type=\"text\" name=\"your-name\" \/><\/span> <\/label>\n<\/p>\n<p><label> Tu correo electr\u00f3nico (requerido)<br \/>\n<span class=\"wpcf7-form-control-wrap\" data-name=\"your-email\"><input size=\"40\" class=\"wpcf7-form-control wpcf7-text wpcf7-email wpcf7-validates-as-required wpcf7-validates-as-email\" aria-required=\"true\" aria-invalid=\"false\" value=\"\" type=\"email\" name=\"your-email\" \/><\/span> <\/label>\n<\/p>\n<p><label> Asunto<br \/>\n<span class=\"wpcf7-form-control-wrap\" data-name=\"your-subject\"><input size=\"40\" class=\"wpcf7-form-control wpcf7-text\" aria-invalid=\"false\" value=\"\" type=\"text\" name=\"your-subject\" \/><\/span> <\/label>\n<\/p>\n<p><label> Tu mensaje<br \/>\n<span class=\"wpcf7-form-control-wrap\" data-name=\"your-message\"><textarea cols=\"40\" rows=\"10\" class=\"wpcf7-form-control wpcf7-textarea\" aria-invalid=\"false\" name=\"your-message\"><\/textarea><\/span> <\/label>\n<\/p>\n<p><span class=\"wpcf7-form-control-wrap\" data-name=\"acceptance-931\"><span class=\"wpcf7-form-control wpcf7-acceptance\"><span class=\"wpcf7-list-item\"><label><input type=\"checkbox\" name=\"acceptance-931\" value=\"1\" aria-invalid=\"false\" \/><span class=\"wpcf7-list-item-label\">Aceptar nuestra <A HREF=\"https:\/\/www.carroceriasbene.es\/es\/politica-de-privacidad\/\">pol\u00edtica de privacidad.<\/A><\/span><\/label><\/span><\/span><\/span>\n<\/p>\n<p><input class=\"wpcf7-form-control has-spinner wpcf7-submit\" type=\"submit\" value=\"Enviar\" \/>\n<\/p><div class=\"wpcf7-response-output\" aria-hidden=\"true\"><\/div>\n<\/form>\n<\/div>\n[\/vc_column][\/vc_row][vc_row row_type=\u00bb3&#8243; blox_height=\u00bb200&#8243; blox_image=\u00bb214&#8243;][vc_column][\/vc_column][\/vc_row]\n","protected":false},"excerpt":{"rendered":"<p>[vc_row][vc_column width=\u00bb1\/2&#8243;][vc_column_text css_animation=\u00bbtop-to-bottom\u00bb]Carrocer\u00edas Bene S.L.U Tel\u00e9fono: +34 947484957 Direcci\u00f3n: Calle Vitoria 271, PENTASA 2 &#8211; Nave 12 C\u00f3digo postal: 09007 Burgos Email: administracion @ carroceriasbene.es[\/vc_column_text][vc_gmaps link=\u00bb#E-8_JTNDaWZyYW1lJTIwc3JjJTNEJTIyaHR0cHMlM0ElMkYlMkZ3d3cuZ29vZ2xlLmNvbSUyRm1hcHMlMkZlbWJlZCUzRnBiJTNEJTIxMW0xOCUyMTFtMTIlMjExbTMlMjExZDI5NDguMjc2NzQ0NjEwMTgxJTIxMmQtMy42NTg0ODE3ODQ1NDM3NjUlMjEzZDQyLjM1Nzk0MTA3OTE4NzA1JTIxMm0zJTIxMWYwJTIxMmYwJTIxM2YwJTIxM20yJTIxMWkxMDI0JTIxMmk3NjglMjE0ZjEzLjElMjEzbTMlMjExbTIlMjExczB4ZDQ1ZmI2NmU4MWE0ZGQ1JTI1M0EweDFmZDFhMDJjNjg1ZGIxMTUlMjEyc0NhcnJvY2VyJTI1QzMlMjVBRGFzJTJCQmVuZSUyMTVlMCUyMTNtMiUyMTFzZXMlMjEyc2VzJTIxNHYxNTU2OTgyMjEwMTk3JTIxNW0yJTIxMXNlcyUyMTJzZXMlMjIlMjB3aWR0aCUzRCUyMjUwMCUyMiUyMGhlaWdodCUzRCUyMjQ1MCUyMiUyMGZyYW1lYm9yZGVyJTNEJTIyMCUyMiUyMHN0eWxlJTNEJTIyYm9yZGVyJTNBMCUyMiUyMGFsbG93ZnVsbHNjcmVlbiUzRSUzQyUyRmlmcmFtZSUzRQ==\u00bb][\/vc_column][vc_column width=\u00bb1\/2&#8243;][\/vc_column][\/vc_row][vc_row row_type=\u00bb3&#8243; blox_height=\u00bb200&#8243; blox_image=\u00bb214&#8243;][vc_column][\/vc_column][\/vc_row]<\/p>\n","protected":false},"author":1,"featured_media":0,"parent":0,"menu_order":0,"comment_status":"closed","ping_status":"closed","template":"","meta":[],"_links":{"self":[{"href":"https:\/\/www.carroceriasbene.es\/es\/wp-json\/wp\/v2\/pages\/16"}],"collection":[{"href":"https:\/\/www.carroceriasbene.es\/es\/wp-json\/wp\/v2\/pages"}],"about":[{"href":"https:\/\/www.carroceriasbene.es\/es\/wp-json\/wp\/v2\/types\/page"}],"author":[{"embeddable":true,"href":"https:\/\/www.carroceriasbene.es\/es\/wp-json\/wp\/v2\/users\/1"}],"replies":[{"embeddable":true,"href":"https:\/\/www.carroceriasbene.es\/es\/wp-json\/wp\/v2\/comments?post=16"}],"version-history":[{"count":13,"href":"https:\/\/www.carroceriasbene.es\/es\/wp-json\/wp\/v2\/pages\/16\/revisions"}],"predecessor-version":[{"id":319,"href":"https:\/\/www.carroceriasbene.es\/es\/wp-json\/wp\/v2\/pages\/16\/revisions\/319"}],"wp:attachment":[{"href":"https:\/\/www.carroceriasbene.es\/es\/wp-json\/wp\/v2\/media?parent=16"}],"curies":[{"name":"wp","href":"https:\/\/api.w.org\/{rel}","templated":true}]}}