{"id":14,"date":"2019-02-25T13:23:23","date_gmt":"2019-02-25T12:23:23","guid":{"rendered":"http:\/\/www.carroceriasbene.com\/es\/?page_id=14"},"modified":"2020-06-25T15:35:43","modified_gmt":"2020-06-25T13:35:43","slug":"instalaciones","status":"publish","type":"page","link":"https:\/\/www.carroceriasbene.es\/es\/instalaciones\/","title":{"rendered":"Instalaciones"},"content":{"rendered":"[vc_row][vc_column][vc_column_text css_animation=\u00bbtop-to-bottom\u00bb]Disponemos de unas amplias instalaciones con aproximadamente <b>800 m2 recientemente reformados,<\/b> dotadas con la <strong>\u00faltima tecnolog\u00eda<\/strong> disponible para ofrecer un mejor servicio cada d\u00eda.<\/p>\n<p>Visite virtualmente nuestras instalaciones, si lo desea puede ver la visita virtual a pantalla completa,<\/p>\n<p><strong>Siga las siguientes instrucciones:<\/strong>[\/vc_column_text][vc_row_inner][vc_column_inner width=\u00bb1\/2&#8243;][vc_text_separator title=\u00bbVersi\u00f3n escritorio\u00bb color=\u00bbcustom\u00bb border_width=\u00bb3&#8243; accent_color=\u00bb#ea7d00&#8243;][vc_column_text css_animation=\u00bbtop-to-bottom\u00bb]<strong>1\u00ba<\/strong> Click sobre la imagen.<\/p>\n<p><strong>2\u00ba<\/strong> Mueva el rat\u00f3n y haga doble click hacia donde decida ir o siguiendo las flechas .<\/p>\n<p><strong>3\u00ba<\/strong> Para entrar en modo pantalla completa pulse sobre el icono&nbsp; <a href=\"https:\/\/www.carroceriasbene.es\/es\/wp-content\/uploads\/2020\/03\/ico-full-sceen.png\"><img decoding=\"async\" loading=\"lazy\" class=\"alignnone wp-image-239\" src=\"https:\/\/www.carroceriasbene.es\/es\/wp-content\/uploads\/2020\/03\/ico-full-sceen.png\" alt=\"\" width=\"20\" height=\"20\"><\/a> , para salir del modo pantalla completa pulse <strong>ESC<\/strong> en su teclado o haga click de nuevo en el icono <a href=\"https:\/\/www.carroceriasbene.es\/es\/wp-content\/uploads\/2020\/03\/ico-full-sceen.png\"><img decoding=\"async\" loading=\"lazy\" class=\"alignnone wp-image-239\" src=\"https:\/\/www.carroceriasbene.es\/es\/wp-content\/uploads\/2020\/03\/ico-full-sceen.png\" alt=\"\" width=\"20\" height=\"20\"><\/a> para volver a pantalla normal.[\/vc_column_text][\/vc_column_inner][vc_column_inner width=\u00bb1\/2&#8243;][vc_text_separator title=\u00bbVersi\u00f3n m\u00f3vil\u00bb color=\u00bbcustom\u00bb border_width=\u00bb3&#8243; accent_color=\u00bb#ea7d00&#8243;][vc_column_text css_animation=\u00bbtop-to-bottom\u00bb]<strong>1\u00ba<\/strong> Puntee dos veces con el dedo para moverse dentro de la experiencia virtual.<\/p>\n<p><strong>2\u00ba<\/strong> Con el dedo tocando la pantalla dentro de la imagen dirija la vista deslizando el dedo.[\/vc_column_text][\/vc_column_inner][\/vc_row_inner][vc_gmaps link=\u00bb#E-8_JTNDaWZyYW1lJTIwc3JjJTNEJTIyaHR0cHMlM0ElMkYlMkZ3d3cuZ29vZ2xlLmNvbSUyRm1hcHMlMkZlbWJlZCUzRnBiJTNEJTIxNHYxNTU2ODk2NDE2MTg2JTIxNm04JTIxMW03JTIxMXNDQW9TTEVGR01WRnBjRTlmVWpOME1FZHRUM04xU1VzME9FbG9jWEF4ZEZKVVNYRnNYemQyTFcwdE1tWjRaM2xqJTIxMm0yJTIxMWQ0Mi4zNTgzMjM1NjU3MjglMjEyZC0zLjY1NTgwNTU0NTM5OCUyMTNmMjUzLjY1NjY1NzM5NDY4NjMzJTIxNGY4Ljc0NDgzOTE4NzMxNDkyMyUyMTVmMC43ODIwODY1OTc0NjI3NDY5JTIyJTIwJTIwJTIwd2lkdGglM0QlMjI4MDAlMjIlMjBoZWlnaHQlM0QlMjI1MDAlMjIlMjBmcmFtZWJvcmRlciUzRCUyMjAlMjIlMjBzdHlsZSUzRCUyMmJvcmRlciUzQTAlMjIlMjBhbGxvd2Z1bGxzY3JlZW4lMjAlM0UlM0MlMkZpZnJhbWUlM0U=\u00bb][\/vc_column][\/vc_row][vc_row row_type=\u00bb3&#8243; blox_height=\u00bb200&#8243; blox_image=\u00bb263&#8243;][vc_column][\/vc_column][\/vc_row]\n","protected":false},"excerpt":{"rendered":"<p>[vc_row][vc_column][vc_column_text css_animation=\u00bbtop-to-bottom\u00bb]Disponemos de unas amplias instalaciones con aproximadamente 800 m2 recientemente reformados, dotadas con la \u00faltima tecnolog\u00eda disponible para ofrecer un mejor servicio cada d\u00eda. Visite virtualmente nuestras instalaciones, si lo desea puede ver la visita virtual a pantalla completa, Siga las siguientes instrucciones:[\/vc_column_text][vc_row_inner][vc_column_inner width=\u00bb1\/2&#8243;][vc_text_separator title=\u00bbVersi\u00f3n escritorio\u00bb color=\u00bbcustom\u00bb border_width=\u00bb3&#8243; accent_color=\u00bb#ea7d00&#8243;][vc_column_text css_animation=\u00bbtop-to-bottom\u00bb]1\u00ba Click sobre la imagen. 2\u00ba Mueva el rat\u00f3n y haga doble click hacia donde&#8230; <\/p>\n<p><a class=\"readmore\" href=\"https:\/\/www.carroceriasbene.es\/es\/instalaciones\/\">Read More<\/a><\/p>\n","protected":false},"author":1,"featured_media":0,"parent":0,"menu_order":0,"comment_status":"closed","ping_status":"closed","template":"","meta":[],"_links":{"self":[{"href":"https:\/\/www.carroceriasbene.es\/es\/wp-json\/wp\/v2\/pages\/14"}],"collection":[{"href":"https:\/\/www.carroceriasbene.es\/es\/wp-json\/wp\/v2\/pages"}],"about":[{"href":"https:\/\/www.carroceriasbene.es\/es\/wp-json\/wp\/v2\/types\/page"}],"author":[{"embeddable":true,"href":"https:\/\/www.carroceriasbene.es\/es\/wp-json\/wp\/v2\/users\/1"}],"replies":[{"embeddable":true,"href":"https:\/\/www.carroceriasbene.es\/es\/wp-json\/wp\/v2\/comments?post=14"}],"version-history":[{"count":46,"href":"https:\/\/www.carroceriasbene.es\/es\/wp-json\/wp\/v2\/pages\/14\/revisions"}],"predecessor-version":[{"id":340,"href":"https:\/\/www.carroceriasbene.es\/es\/wp-json\/wp\/v2\/pages\/14\/revisions\/340"}],"wp:attachment":[{"href":"https:\/\/www.carroceriasbene.es\/es\/wp-json\/wp\/v2\/media?parent=14"}],"curies":[{"name":"wp","href":"https:\/\/api.w.org\/{rel}","templated":true}]}}