{"id":12,"date":"2019-02-25T13:22:44","date_gmt":"2019-02-25T12:22:44","guid":{"rendered":"http:\/\/www.carroceriasbene.com\/es\/?page_id=12"},"modified":"2021-05-12T13:28:26","modified_gmt":"2021-05-12T11:28:26","slug":"servicios","status":"publish","type":"page","link":"https:\/\/www.carroceriasbene.es\/es\/servicios\/","title":{"rendered":"Servicios"},"content":{"rendered":"[vc_row][vc_column width=\u00bb2\/3&#8243;][vc_column_text css_animation=\u00bbtop-to-bottom\u00bb]\u00bfHas tenido un <strong>accidente<\/strong>?\u00a0 O quiz\u00e1s \u00fanicamente quieres <strong>poner a punto<\/strong> tu <strong>veh\u00edculo<\/strong>, en cualquier caso, aqu\u00ed estamos para ayudarte.<\/p>\n<p>Si la <strong>reparaci\u00f3n<\/strong> va a ser a por tu cuenta no dudes en pasarte por aqu\u00ed y te haremos un <strong>presupuesto<\/strong> sin compromiso.<\/p>\n<p>Si por el contrario lo vas gestionar a trav\u00e9s de tu <strong>compa\u00f1\u00eda de seguros<\/strong> puedes ponerte en contacto con nosotros y te <strong>asesoramos<\/strong> para que sepas los pasos a seguir, \u00a1es muy f\u00e1cil!<\/p>\n<p>Adelante, \u00a1ven a conocernos![\/vc_column_text][\/vc_column][vc_column width=\u00bb1\/3&#8243;][vc_single_image image=\u00bb104&#8243; img_size=\u00bbmedium\u00bb][\/vc_column][\/vc_row][vc_row][vc_column width=\u00bb1\/6&#8243;][vc_single_image image=\u00bb38&#8243; img_size=\u00bb130&#215;130&#8243; alignment=\u00bbcenter\u00bb css_animation=\u00bbtop-to-bottom\u00bb][vc_column_text]\n<p>I am text block. Click edit button to change this text. Lorem ipsum dolor sit amet, consectetur adipiscing elit. Ut elit tellus, luctus nec ullamcorper mattis, pulvinar dapibus leo.<\/p>\n[\/vc_column_text][\/vc_column][vc_column width=\u00bb1\/6&#8243;][vc_single_image image=\u00bb43&#8243; img_size=\u00bb130&#215;130&#8243; alignment=\u00bbcenter\u00bb css_animation=\u00bbtop-to-bottom\u00bb][vc_column_text]\n<p>I am text block. Click edit button to change this text. Lorem ipsum dolor sit amet, consectetur adipiscing elit. Ut elit tellus, luctus nec ullamcorper mattis, pulvinar dapibus leo.<\/p>\n[\/vc_column_text][\/vc_column][vc_column width=\u00bb1\/6&#8243;][vc_single_image image=\u00bb41&#8243; img_size=\u00bb130&#215;130&#8243; alignment=\u00bbcenter\u00bb css_animation=\u00bbtop-to-bottom\u00bb][vc_column_text]\n<p>I am text block. Click edit button to change this text. Lorem ipsum dolor sit amet, consectetur adipiscing elit. Ut elit tellus, luctus nec ullamcorper mattis, pulvinar dapibus leo.<\/p>\n[\/vc_column_text][\/vc_column][vc_column width=\u00bb1\/6&#8243;][vc_single_image image=\u00bb42&#8243; img_size=\u00bb130&#215;130&#8243; alignment=\u00bbcenter\u00bb css_animation=\u00bbtop-to-bottom\u00bb][vc_column_text]\n<p>I am text block. Click edit button to change this text. Lorem ipsum dolor sit amet, consectetur adipiscing elit. Ut elit tellus, luctus nec ullamcorper mattis, pulvinar dapibus leo.<\/p>\n[\/vc_column_text][\/vc_column][vc_column width=\u00bb1\/6&#8243;][vc_single_image image=\u00bb39&#8243; img_size=\u00bb130&#215;130&#8243; alignment=\u00bbcenter\u00bb css_animation=\u00bbtop-to-bottom\u00bb][vc_column_text]\n<p>I am text block. Click edit button to change this text. Lorem ipsum dolor sit amet, consectetur adipiscing elit. Ut elit tellus, luctus nec ullamcorper mattis, pulvinar dapibus leo.<\/p>\n[\/vc_column_text][\/vc_column][vc_column width=\u00bb1\/6&#8243;][vc_single_image image=\u00bb40&#8243; img_size=\u00bb130&#215;130&#8243; alignment=\u00bbcenter\u00bb css_animation=\u00bbtop-to-bottom\u00bb][vc_column_text]\n<p>I am text block. Click edit button to change this text. Lorem ipsum dolor sit amet, consectetur adipiscing elit. Ut elit tellus, luctus nec ullamcorper mattis, pulvinar dapibus leo.<\/p>\n[\/vc_column_text][\/vc_column][\/vc_row][vc_row row_type=\u00bb3&#8243; blox_height=\u00bb200&#8243; blox_image=\u00bb137&#8243;][vc_column][\/vc_column][\/vc_row]\n","protected":false},"excerpt":{"rendered":"<p>[vc_row][vc_column width=\u00bb2\/3&#8243;][vc_column_text css_animation=\u00bbtop-to-bottom\u00bb]\u00bfHas tenido un accidente?\u00a0 O quiz\u00e1s \u00fanicamente quieres poner a punto tu veh\u00edculo, en cualquier caso, aqu\u00ed estamos para ayudarte. Si la reparaci\u00f3n va a ser a por tu cuenta no dudes en pasarte por aqu\u00ed y te haremos un presupuesto sin compromiso. Si por el contrario lo vas gestionar a trav\u00e9s de tu compa\u00f1\u00eda de seguros puedes ponerte en contacto con nosotros&#8230; <\/p>\n<p><a class=\"readmore\" href=\"https:\/\/www.carroceriasbene.es\/es\/servicios\/\">Read More<\/a><\/p>\n","protected":false},"author":1,"featured_media":0,"parent":0,"menu_order":0,"comment_status":"closed","ping_status":"closed","template":"","meta":[],"_links":{"self":[{"href":"https:\/\/www.carroceriasbene.es\/es\/wp-json\/wp\/v2\/pages\/12"}],"collection":[{"href":"https:\/\/www.carroceriasbene.es\/es\/wp-json\/wp\/v2\/pages"}],"about":[{"href":"https:\/\/www.carroceriasbene.es\/es\/wp-json\/wp\/v2\/types\/page"}],"author":[{"embeddable":true,"href":"https:\/\/www.carroceriasbene.es\/es\/wp-json\/wp\/v2\/users\/1"}],"replies":[{"embeddable":true,"href":"https:\/\/www.carroceriasbene.es\/es\/wp-json\/wp\/v2\/comments?post=12"}],"version-history":[{"count":24,"href":"https:\/\/www.carroceriasbene.es\/es\/wp-json\/wp\/v2\/pages\/12\/revisions"}],"predecessor-version":[{"id":999,"href":"https:\/\/www.carroceriasbene.es\/es\/wp-json\/wp\/v2\/pages\/12\/revisions\/999"}],"wp:attachment":[{"href":"https:\/\/www.carroceriasbene.es\/es\/wp-json\/wp\/v2\/media?parent=12"}],"curies":[{"name":"wp","href":"https:\/\/api.w.org\/{rel}","templated":true}]}}