{"id":10,"date":"2019-02-25T13:22:22","date_gmt":"2019-02-25T12:22:22","guid":{"rendered":"http:\/\/www.carroceriasbene.com\/es\/?page_id=10"},"modified":"2020-06-25T15:29:16","modified_gmt":"2020-06-25T13:29:16","slug":"empresa","status":"publish","type":"page","link":"https:\/\/www.carroceriasbene.es\/es\/empresa\/","title":{"rendered":"Empresa"},"content":{"rendered":"[vc_row][vc_column width=\u00bb2\/3&#8243;][vc_column_text css_animation=\u00bbtop-to-bottom\u00bb]<strong>Toda esta andadura<\/strong> comienza en el n\u00famero 107 de la calle Vitoria de la capital burgalesa <strong>en los a\u00f1os sesenta<\/strong> pero no fue hasta los ochenta cuando Carrocer\u00edas Bene se mud\u00f3 a la ubicaci\u00f3n actual. Durante todo este tiempo hemos ido <strong>evolucionando<\/strong> ajust\u00e1ndonos a los constantes avances del <strong>sector automovil\u00edstico<\/strong> y del asegurador adapt\u00e1ndonos a los tiempos y a las nuevas necesidades del mercado logrando ser <strong>referente<\/strong> en nuestra ciudad.<\/p>\n<p>Continuamos <strong>trabajando<\/strong> para seguir avanzando y poder ofrecer siempre el mejor<strong> servicio<\/strong> y la mejor <strong>calidad<\/strong> posible.<\/p>\n<p>Disponemos de 800 m2 de instalaciones con la <strong>\u00faltima tecnolog\u00eda<\/strong> y de un gran <strong>equipo de profesionales<\/strong> a tu disposici\u00f3n.<\/p>\n<p>Te ofrecemos un<strong> trato personalizado<\/strong> y asesoramiento especifico seg\u00fan &nbsp;tus necesidades. \u00bfA qu\u00e9 esperas? Ven a visitarnos.<\/p>\n<p>Estamos en Calle Vitoria 271, PENTASA 2 &#8211; Nave 12 Burgos[\/vc_column_text][vc_single_image image=\u00bb197&#8243; img_size=\u00bbfull\u00bb css_animation=\u00bbtop-to-bottom\u00bb][vc_separator color=\u00bbwhite\u00bb border_width=\u00bb2&#8243;][\/vc_column][vc_column width=\u00bb1\/3&#8243;][vc_single_image image=\u00bb267&#8243; img_size=\u00bbfull\u00bb alignment=\u00bbcenter\u00bb css_animation=\u00bbtop-to-bottom\u00bb][vc_gmaps link=\u00bb#E-8_JTNDaWZyYW1lJTIwc3JjJTNEJTIyaHR0cHMlM0ElMkYlMkZ3d3cuZ29vZ2xlLmNvbSUyRm1hcHMlMkZlbWJlZCUzRnBiJTNEJTIxMW0xOCUyMTFtMTIlMjExbTMlMjExZDE0NzQuMjAyMzUwMDk4NTc1MiUyMTJkLTMuNjY0NTA2MDA2NDk5NzAyJTIxM2Q0Mi4zNTUyMTM3NjczNzA0NjUlMjEybTMlMjExZjAlMjEyZjAlMjEzZjAlMjEzbTIlMjExaTEwMjQlMjEyaTc2OCUyMTRmMTMuMSUyMTNtMyUyMTFtMiUyMTFzMHhkNDVmYjY2ZTgxYTRkZDUlMjUzQTB4MWZkMWEwMmM2ODVkYjExNSUyMTJzQ2Fycm9jZXIlMjVDMyUyNUFEYXMlMkJCZW5lJTIxNWUwJTIxM20yJTIxMXNlcyUyMTJzZXMlMjE0djE1NTExODA5OTYyNzclMjIlMjB3aWR0aCUzRCUyMjMwMCUyMiUyMGhlaWdodCUzRCUyMjMwMCUyMiUyMGZyYW1lYm9yZGVyJTNEJTIyMCUyMiUyMHN0eWxlJTNEJTIyYm9yZGVyJTNBMCUyMiUyMGFsbG93ZnVsbHNjcmVlbiUzRSUzQyUyRmlmcmFtZSUzRQ==\u00bb][\/vc_column][\/vc_row][vc_row row_type=\u00bb3&#8243; blox_height=\u00bb200&#8243; blox_image=\u00bb265&#8243;][vc_column][\/vc_column][\/vc_row]\n","protected":false},"excerpt":{"rendered":"<p>[vc_row][vc_column width=\u00bb2\/3&#8243;][vc_column_text css_animation=\u00bbtop-to-bottom\u00bb]Toda esta andadura comienza en el n\u00famero 107 de la calle Vitoria de la capital burgalesa en los a\u00f1os sesenta pero no fue hasta los ochenta cuando Carrocer\u00edas Bene se mud\u00f3 a la ubicaci\u00f3n actual. Durante todo este tiempo hemos ido evolucionando ajust\u00e1ndonos a los constantes avances del sector automovil\u00edstico y del asegurador adapt\u00e1ndonos a los tiempos y a las nuevas necesidades del&#8230; <\/p>\n<p><a class=\"readmore\" href=\"https:\/\/www.carroceriasbene.es\/es\/empresa\/\">Read More<\/a><\/p>\n","protected":false},"author":1,"featured_media":0,"parent":0,"menu_order":0,"comment_status":"closed","ping_status":"closed","template":"","meta":[],"_links":{"self":[{"href":"https:\/\/www.carroceriasbene.es\/es\/wp-json\/wp\/v2\/pages\/10"}],"collection":[{"href":"https:\/\/www.carroceriasbene.es\/es\/wp-json\/wp\/v2\/pages"}],"about":[{"href":"https:\/\/www.carroceriasbene.es\/es\/wp-json\/wp\/v2\/types\/page"}],"author":[{"embeddable":true,"href":"https:\/\/www.carroceriasbene.es\/es\/wp-json\/wp\/v2\/users\/1"}],"replies":[{"embeddable":true,"href":"https:\/\/www.carroceriasbene.es\/es\/wp-json\/wp\/v2\/comments?post=10"}],"version-history":[{"count":26,"href":"https:\/\/www.carroceriasbene.es\/es\/wp-json\/wp\/v2\/pages\/10\/revisions"}],"predecessor-version":[{"id":339,"href":"https:\/\/www.carroceriasbene.es\/es\/wp-json\/wp\/v2\/pages\/10\/revisions\/339"}],"wp:attachment":[{"href":"https:\/\/www.carroceriasbene.es\/es\/wp-json\/wp\/v2\/media?parent=10"}],"curies":[{"name":"wp","href":"https:\/\/api.w.org\/{rel}","templated":true}]}}